{"id":3345,"date":"2021-08-27T14:52:44","date_gmt":"2021-08-27T12:52:44","guid":{"rendered":"https:\/\/video.sovanta.com\/?page_id=3345"},"modified":"2021-09-02T10:34:13","modified_gmt":"2021-09-02T08:34:13","slug":"hr-solutions-time-workforce-management","status":"publish","type":"page","link":"https:\/\/video.sovanta.com\/?page_id=3345","title":{"rendered":"HR Solutions &#8211; Time &#038; Workforce Management"},"content":{"rendered":"\n<h1><strong><span style=\"color:#3aaa35\" class=\"has-inline-color\">HR Solutions by sovanta<\/span><\/strong><\/h1>\n\n\n\n<h1>Time &amp; Workforce Managment<\/h1>\n\n\n\n<p>Vortrag | 27:57 Minuten | Deutsch<\/p>\n\n\n<p><iframe loading=\"lazy\" title=\"Time &amp;amp; Workforce Managment\" src=\"https:\/\/player.vimeo.com\/video\/587765667?dnt=1&amp;app_id=122963&amp;h=eeeb4eab78\" width=\"648\" height=\"365\" frameborder=\"0\" allow=\"autoplay; fullscreen; picture-in-picture\" allowfullscreen><\/iframe><\/p>\n\n\n<h3>Kurzbeschreibung:<\/h3>\n\n\n\n<p>Akin Aritmac, Head of Customer Engagement und Mitglied der Gesch\u00e4ftsf\u00fchrung der sovanta AG, zeigt verschiedene Ans\u00e4tze und digitale L\u00f6sungen f\u00fcr Zeitwirtschaft und Personaleinsatzplanung. Lernen Sie die Tools kennen, die am Nutzer orientiertet arbeiten und damit eine herausragende Employee Experience f\u00fcr ihre Belegschaft sicherstellen.<\/p>\n\n\n\n<p>Sie haben Fragen, Anregungen oder Feedback zu dem Video? Wir freuen uns auf den Austausch mit Ihnen <a href=\"mailto:akin.aritmac@sovanta.com\" target=\"_blank\" rel=\"noreferrer noopener\">akin.aritmac@sovanta.com<\/a><\/p>\n\n\n\n<div style=\"height:10px\" aria-hidden=\"true\" class=\"wp-block-spacer\"><\/div>\n\n\n\n<h3>Das k\u00f6nnte Sie auch noch interessieren<\/h3>\n\n\n\n<div class=\"wp-block-columns\">\n<div class=\"wp-block-column\">\n<figure class=\"wp-block-image size-large\"><a href=\"hr-als-treiber-des-digital-workplace\" target=\"_blank\" rel=\"noopener\"><img loading=\"lazy\" width=\"1224\" height=\"689\" src=\"http:\/\/video.sovanta.com\/wp-content\/uploads\/2021\/08\/Thumbnail_Digital-Workplace_1920x1080-1224x689.png\" alt=\"\" class=\"wp-image-3341\" srcset=\"https:\/\/video.sovanta.com\/wp-content\/uploads\/2021\/08\/Thumbnail_Digital-Workplace_1920x1080-1224x689.png 1224w, https:\/\/video.sovanta.com\/wp-content\/uploads\/2021\/08\/Thumbnail_Digital-Workplace_1920x1080-300x169.png 300w, https:\/\/video.sovanta.com\/wp-content\/uploads\/2021\/08\/Thumbnail_Digital-Workplace_1920x1080-768x432.png 768w, https:\/\/video.sovanta.com\/wp-content\/uploads\/2021\/08\/Thumbnail_Digital-Workplace_1920x1080-1536x864.png 1536w, https:\/\/video.sovanta.com\/wp-content\/uploads\/2021\/08\/Thumbnail_Digital-Workplace_1920x1080.png 1920w\" sizes=\"(max-width: 1224px) 100vw, 1224px\" \/><\/a><\/figure>\n<\/div>\n\n\n\n<div class=\"wp-block-column\">\n<figure class=\"wp-block-image size-large\"><a href=\"corporate-employee-profile\" target=\"_blank\" rel=\"noopener\"><img loading=\"lazy\" width=\"1224\" height=\"689\" src=\"https:\/\/video.sovanta.com\/wp-content\/uploads\/2021\/08\/Thumbnail_Corporate_Employee_Profile-1224x689.png\" alt=\"\" class=\"wp-image-3321\" srcset=\"https:\/\/video.sovanta.com\/wp-content\/uploads\/2021\/08\/Thumbnail_Corporate_Employee_Profile-1224x689.png 1224w, https:\/\/video.sovanta.com\/wp-content\/uploads\/2021\/08\/Thumbnail_Corporate_Employee_Profile-300x169.png 300w, https:\/\/video.sovanta.com\/wp-content\/uploads\/2021\/08\/Thumbnail_Corporate_Employee_Profile-768x432.png 768w, https:\/\/video.sovanta.com\/wp-content\/uploads\/2021\/08\/Thumbnail_Corporate_Employee_Profile-1536x864.png 1536w, https:\/\/video.sovanta.com\/wp-content\/uploads\/2021\/08\/Thumbnail_Corporate_Employee_Profile.png 1920w\" sizes=\"(max-width: 1224px) 100vw, 1224px\" \/><\/a><\/figure>\n<\/div>\n<\/div>\n\n\n\n<div style=\"height:10px\" aria-hidden=\"true\" class=\"wp-block-spacer\"><\/div>\n\n\n\n<div class=\"wp-block-group\"><div class=\"wp-block-group__inner-container\">\n<figure class=\"wp-block-image size-large is-resized\"><img loading=\"lazy\" src=\"http:\/\/video.sovanta.com\/wp-content\/uploads\/2021\/08\/PDF-Logo-png.png\" alt=\"\" class=\"wp-image-3133\" width=\"100\" height=\"100\" srcset=\"https:\/\/video.sovanta.com\/wp-content\/uploads\/2021\/08\/PDF-Logo-png.png 512w, https:\/\/video.sovanta.com\/wp-content\/uploads\/2021\/08\/PDF-Logo-png-300x300.png 300w, https:\/\/video.sovanta.com\/wp-content\/uploads\/2021\/08\/PDF-Logo-png-150x150.png 150w\" sizes=\"(max-width: 100px) 100vw, 100px\" \/><\/figure>\n\n\n\n<p><span style=\"color:#3aaa35\" class=\"has-inline-color\">Solution Overview<\/span><br>&#8220;SAP HR Solutions neu gedacht&#8221;<\/p>\n\n\n\n<div class=\"wp-block-file\"><a href=\"http:\/\/video.sovanta.com\/wp-content\/uploads\/2021\/08\/SO-D0009-0721_HR-Solutions-2.pdf\" class=\"wp-block-file__button\" download>Download<\/a><\/div>\n<\/div><\/div>\n\n\n\n<div style=\"height:10px\" aria-hidden=\"true\" class=\"wp-block-spacer\"><\/div>\n\n\n\n<pre class=\"wp-block-verse has-text-align-center\"><span class=\"has-inline-color has-black-color\">Besuchen Sie uns unter <a rel=\"noreferrer noopener\" href=\"http:\/\/www.sovanta.com\" target=\"_blank\">www.sovanta.com<\/a><\/span><\/pre>\n","protected":false},"excerpt":{"rendered":"<p>HR Solutions by sovanta Time &amp; Workforce Managment Vortrag | 27:57 Minuten | Deutsch Kurzbeschreibung: Akin Aritmac, Head of Customer Engagement und Mitglied der Gesch\u00e4ftsf\u00fchrung der sovanta AG, zeigt verschiedene Ans\u00e4tze und digitale L\u00f6sungen f\u00fcr Zeitwirtschaft und Personaleinsatzplanung. Lernen Sie die Tools kennen, die am Nutzer orientiertet arbeiten und damit eine herausragende Employee Experience f\u00fcr [&hellip;]<\/p>\n","protected":false},"author":5,"featured_media":0,"parent":0,"menu_order":0,"comment_status":"closed","ping_status":"closed","template":"","meta":[],"_links":{"self":[{"href":"https:\/\/video.sovanta.com\/index.php?rest_route=\/wp\/v2\/pages\/3345"}],"collection":[{"href":"https:\/\/video.sovanta.com\/index.php?rest_route=\/wp\/v2\/pages"}],"about":[{"href":"https:\/\/video.sovanta.com\/index.php?rest_route=\/wp\/v2\/types\/page"}],"author":[{"embeddable":true,"href":"https:\/\/video.sovanta.com\/index.php?rest_route=\/wp\/v2\/users\/5"}],"replies":[{"embeddable":true,"href":"https:\/\/video.sovanta.com\/index.php?rest_route=%2Fwp%2Fv2%2Fcomments&post=3345"}],"version-history":[{"count":6,"href":"https:\/\/video.sovanta.com\/index.php?rest_route=\/wp\/v2\/pages\/3345\/revisions"}],"predecessor-version":[{"id":3401,"href":"https:\/\/video.sovanta.com\/index.php?rest_route=\/wp\/v2\/pages\/3345\/revisions\/3401"}],"wp:attachment":[{"href":"https:\/\/video.sovanta.com\/index.php?rest_route=%2Fwp%2Fv2%2Fmedia&parent=3345"}],"curies":[{"name":"wp","href":"https:\/\/api.w.org\/{rel}","templated":true}]}}