{"id":3247,"date":"2021-08-26T13:34:54","date_gmt":"2021-08-26T11:34:54","guid":{"rendered":"https:\/\/video.sovanta.com\/?page_id=3247"},"modified":"2021-08-27T15:05:49","modified_gmt":"2021-08-27T13:05:49","slug":"hr-solutions-corporate-employee-profile","status":"publish","type":"page","link":"https:\/\/video.sovanta.com\/?page_id=3247","title":{"rendered":"HR Solutions &#8211; Corporate Employee Profile"},"content":{"rendered":"\n<h1><span style=\"color:#3aaa35\" class=\"has-inline-color\"><strong>HR Solutions by sovanta<\/strong><\/span><\/h1>\n\n\n\n<h1>Corporate Employee Profile &#8211; Mitarbeiter managen, entwickeln und begeistern <\/h1>\n\n\n\n<p>Vortrag | 20:30 Minuten | Deutsch<\/p>\n\n\n<p><iframe loading=\"lazy\" title=\"Corporate Employee Profile\" src=\"https:\/\/player.vimeo.com\/video\/568830749?dnt=1&amp;app_id=122963&amp;h=77aa49cf54\" width=\"648\" height=\"365\" frameborder=\"0\" allow=\"autoplay; fullscreen; picture-in-picture\" allowfullscreen><\/iframe><\/p>\n\n\n<h3>Kurzbeschreibung:<\/h3>\n\n\n\n<p>Der Mitarbeiter eines Unternehmens ist zweifelsohne eine der tragenden Ressourcen. Spannend dabei ist, dass diese Ressource in zwei Richtungen verwaltet werden muss: Es muss f\u00fcr sie und mit ihr gearbeitet werden. In seinem Vortrag beleuchtet Akin Aritmac, Head of Customer Engagement und Mitglied der Gesch\u00e4ftsf\u00fchrung der sovanta AG, die Werkzeuge, die den zentralen Blick auf und f\u00fcr den Mitarbeiter bereitstellen, um vielf\u00e4ltigen Rollen gerecht zu werden und sie zu unterst\u00fctzen.<\/p>\n\n\n\n<p>Sie haben Fragen, Anregungen oder Feedback zum Video? Wir freuen uns auf den Austausch mit Ihnen: <a rel=\"noreferrer noopener\" href=\"mailto:akin.aritmac@sovanta.com\" target=\"_blank\">akin.aritmac@sovanta.com<\/a><\/p>\n\n\n\n<div style=\"height:10px\" aria-hidden=\"true\" class=\"wp-block-spacer\"><\/div>\n\n\n\n<h3>Das k\u00f6nnte Sie auch noch interessieren:<\/h3>\n\n\n\n<div class=\"wp-block-columns\">\n<div class=\"wp-block-column\">\n<figure class=\"wp-block-image size-large is-style-default\"><a href=\"employee-experience-management\" target=\"_blank\" rel=\"noopener\"><img loading=\"lazy\" width=\"1224\" height=\"689\" src=\"http:\/\/video.sovanta.com\/wp-content\/uploads\/2021\/08\/Thumbnail_Employee-Experience-Management_1920x1080-1224x689.png\" alt=\"\" class=\"wp-image-3351\" srcset=\"https:\/\/video.sovanta.com\/wp-content\/uploads\/2021\/08\/Thumbnail_Employee-Experience-Management_1920x1080-1224x689.png 1224w, https:\/\/video.sovanta.com\/wp-content\/uploads\/2021\/08\/Thumbnail_Employee-Experience-Management_1920x1080-300x169.png 300w, https:\/\/video.sovanta.com\/wp-content\/uploads\/2021\/08\/Thumbnail_Employee-Experience-Management_1920x1080-768x432.png 768w, https:\/\/video.sovanta.com\/wp-content\/uploads\/2021\/08\/Thumbnail_Employee-Experience-Management_1920x1080-1536x864.png 1536w, https:\/\/video.sovanta.com\/wp-content\/uploads\/2021\/08\/Thumbnail_Employee-Experience-Management_1920x1080.png 1920w\" sizes=\"(max-width: 1224px) 100vw, 1224px\" \/><\/a><\/figure>\n<\/div>\n\n\n\n<div class=\"wp-block-column\">\n<figure class=\"wp-block-image size-large\"><a href=\"hr-als-treiber-des-digital-workplace\" target=\"_blank\" rel=\"noopener\"><img loading=\"lazy\" width=\"1224\" height=\"689\" src=\"http:\/\/video.sovanta.com\/wp-content\/uploads\/2021\/08\/Thumbnail_Digital-Workplace_1920x1080-1224x689.png\" alt=\"\" class=\"wp-image-3341\" srcset=\"https:\/\/video.sovanta.com\/wp-content\/uploads\/2021\/08\/Thumbnail_Digital-Workplace_1920x1080-1224x689.png 1224w, https:\/\/video.sovanta.com\/wp-content\/uploads\/2021\/08\/Thumbnail_Digital-Workplace_1920x1080-300x169.png 300w, https:\/\/video.sovanta.com\/wp-content\/uploads\/2021\/08\/Thumbnail_Digital-Workplace_1920x1080-768x432.png 768w, https:\/\/video.sovanta.com\/wp-content\/uploads\/2021\/08\/Thumbnail_Digital-Workplace_1920x1080-1536x864.png 1536w, https:\/\/video.sovanta.com\/wp-content\/uploads\/2021\/08\/Thumbnail_Digital-Workplace_1920x1080.png 1920w\" sizes=\"(max-width: 1224px) 100vw, 1224px\" \/><\/a><\/figure>\n\n\n\n<div class=\"wp-block-buttons\"><\/div>\n<\/div>\n<\/div>\n\n\n\n<div style=\"height:10px\" aria-hidden=\"true\" class=\"wp-block-spacer\"><\/div>\n\n\n\n<div class=\"wp-block-group\"><div class=\"wp-block-group__inner-container\">\n<figure class=\"wp-block-image size-large is-resized\"><img loading=\"lazy\" src=\"http:\/\/video.sovanta.com\/wp-content\/uploads\/2021\/08\/PDF-Logo-png.png\" alt=\"\" class=\"wp-image-3133\" width=\"100\" height=\"100\" srcset=\"https:\/\/video.sovanta.com\/wp-content\/uploads\/2021\/08\/PDF-Logo-png.png 512w, https:\/\/video.sovanta.com\/wp-content\/uploads\/2021\/08\/PDF-Logo-png-300x300.png 300w, https:\/\/video.sovanta.com\/wp-content\/uploads\/2021\/08\/PDF-Logo-png-150x150.png 150w\" sizes=\"(max-width: 100px) 100vw, 100px\" \/><\/figure>\n\n\n\n<p><span style=\"color:#3aaa35\" class=\"has-inline-color\">Solution Overview<\/span><br>&#8220;SAP HR Solutions neu gedacht&#8221;<\/p>\n\n\n\n<div class=\"wp-block-file\"><a href=\"http:\/\/video.sovanta.com\/wp-content\/uploads\/2021\/08\/SO-D0009-0721_HR-Solutions-2.pdf\" class=\"wp-block-file__button\" download>Download<\/a><\/div>\n<\/div><\/div>\n\n\n\n<div style=\"height:10px\" aria-hidden=\"true\" class=\"wp-block-spacer\"><\/div>\n\n\n\n<pre class=\"wp-block-verse has-text-align-center\"><span class=\"has-inline-color has-black-color\">Besuchen Sie uns unter <a rel=\"noreferrer noopener\" href=\"http:\/\/www.sovanta.com\" target=\"_blank\">www.sovanta.com<\/a><\/span><\/pre>\n","protected":false},"excerpt":{"rendered":"<p>HR Solutions by sovanta Corporate Employee Profile &#8211; Mitarbeiter managen, entwickeln und begeistern Vortrag | 20:30 Minuten | Deutsch Kurzbeschreibung: Der Mitarbeiter eines Unternehmens ist zweifelsohne eine der tragenden Ressourcen. Spannend dabei ist, dass diese Ressource in zwei Richtungen verwaltet werden muss: Es muss f\u00fcr sie und mit ihr gearbeitet werden. In seinem Vortrag beleuchtet [&hellip;]<\/p>\n","protected":false},"author":5,"featured_media":0,"parent":0,"menu_order":0,"comment_status":"closed","ping_status":"closed","template":"","meta":[],"_links":{"self":[{"href":"https:\/\/video.sovanta.com\/index.php?rest_route=\/wp\/v2\/pages\/3247"}],"collection":[{"href":"https:\/\/video.sovanta.com\/index.php?rest_route=\/wp\/v2\/pages"}],"about":[{"href":"https:\/\/video.sovanta.com\/index.php?rest_route=\/wp\/v2\/types\/page"}],"author":[{"embeddable":true,"href":"https:\/\/video.sovanta.com\/index.php?rest_route=\/wp\/v2\/users\/5"}],"replies":[{"embeddable":true,"href":"https:\/\/video.sovanta.com\/index.php?rest_route=%2Fwp%2Fv2%2Fcomments&post=3247"}],"version-history":[{"count":18,"href":"https:\/\/video.sovanta.com\/index.php?rest_route=\/wp\/v2\/pages\/3247\/revisions"}],"predecessor-version":[{"id":3408,"href":"https:\/\/video.sovanta.com\/index.php?rest_route=\/wp\/v2\/pages\/3247\/revisions\/3408"}],"wp:attachment":[{"href":"https:\/\/video.sovanta.com\/index.php?rest_route=%2Fwp%2Fv2%2Fmedia&parent=3247"}],"curies":[{"name":"wp","href":"https:\/\/api.w.org\/{rel}","templated":true}]}}