{"id":3198,"date":"2021-08-26T12:38:22","date_gmt":"2021-08-26T10:38:22","guid":{"rendered":"https:\/\/video.sovanta.com\/?page_id=3198"},"modified":"2021-09-02T10:34:56","modified_gmt":"2021-09-02T08:34:56","slug":"ux-score-for-hr-solutions","status":"publish","type":"page","link":"https:\/\/video.sovanta.com\/?page_id=3198","title":{"rendered":"HR Solutions &#8211; UX Score"},"content":{"rendered":"\n<h1><strong><span style=\"color:#3aaa35\" class=\"has-inline-color\">HR Solutions by sovanta<\/span><\/strong><\/h1>\n\n\n\n<h1>User Experience greifbar machen<\/h1>\n\n\n\n<p>Vortrag | 28:40 Minuten | Deutsch<\/p>\n\n\n<p><iframe loading=\"lazy\" title=\"UX Score - User Experience greifbar machen\" src=\"https:\/\/player.vimeo.com\/video\/564539885?dnt=1&amp;app_id=122963&amp;h=71c9097e2f\" width=\"648\" height=\"365\" frameborder=\"0\" allow=\"autoplay; fullscreen; picture-in-picture\" allowfullscreen><\/iframe><\/p>\n\n\n<h3>Kurzbeschreibung:<\/h3>\n\n\n\n<p>Die User Experience einer Applikation entscheidet \u00fcber ihren Erfolg &#8211; mit dem UX Score by sovanta wird es kinderleicht, sie zu messen. Carolin Harms, Head of Design, und Christian Heinrich, Head of Marketing &amp; Solutions, erl\u00e4utern zun\u00e4chst die Vorteile, die sich aus dem Messen der Benutzererfahrung ergeben. Anschlie\u00dfend zeigen sie, wie man konkret St\u00e4rken und Schw\u00e4chen einer Anwendung identifiziert. Nur so lassen sie sich schlie\u00dflich optimieren, um den Gesch\u00e4ftswert auf schnelle und kosteng\u00fcnstige Weise zu steigern.<\/p>\n\n\n\n<p>Sie haben Fragen, Anregungen oder Feedback zum Video? Wir freuen uns auf den Austausch mit Ihnen: <a rel=\"noreferrer noopener\" href=\"mailto:carolin.harms@sovanta.com\" target=\"_blank\">carolin.harms@sovanta.com<\/a><\/p>\n\n\n\n<div style=\"height:10px\" aria-hidden=\"true\" class=\"wp-block-spacer\"><\/div>\n\n\n\n<h3>Das k\u00f6nnte Sie auch interessieren:<\/h3>\n\n\n\n<div class=\"wp-block-columns\">\n<div class=\"wp-block-column\">\n<figure class=\"wp-block-image size-large\"><a href=\"employee-experience-management\" target=\"_blank\" rel=\"noopener\"><img loading=\"lazy\" width=\"1224\" height=\"689\" src=\"http:\/\/video.sovanta.com\/wp-content\/uploads\/2021\/08\/Thumbnail_Employee-Experience-Management_1920x1080-1224x689.png\" alt=\"\" class=\"wp-image-3351\" srcset=\"https:\/\/video.sovanta.com\/wp-content\/uploads\/2021\/08\/Thumbnail_Employee-Experience-Management_1920x1080-1224x689.png 1224w, https:\/\/video.sovanta.com\/wp-content\/uploads\/2021\/08\/Thumbnail_Employee-Experience-Management_1920x1080-300x169.png 300w, https:\/\/video.sovanta.com\/wp-content\/uploads\/2021\/08\/Thumbnail_Employee-Experience-Management_1920x1080-768x432.png 768w, https:\/\/video.sovanta.com\/wp-content\/uploads\/2021\/08\/Thumbnail_Employee-Experience-Management_1920x1080-1536x864.png 1536w, https:\/\/video.sovanta.com\/wp-content\/uploads\/2021\/08\/Thumbnail_Employee-Experience-Management_1920x1080.png 1920w\" sizes=\"(max-width: 1224px) 100vw, 1224px\" \/><\/a><\/figure>\n<\/div>\n\n\n\n<div class=\"wp-block-column\">\n<figure class=\"wp-block-image size-large\"><a href=\"intelligent-hr-solutions\" target=\"_blank\" rel=\"noopener\"><img loading=\"lazy\" width=\"1224\" height=\"689\" src=\"http:\/\/video.sovanta.com\/wp-content\/uploads\/2021\/08\/Thumbnail_Intelligent-HR_1920x1080-1224x689.png\" alt=\"\" class=\"wp-image-3339\" srcset=\"https:\/\/video.sovanta.com\/wp-content\/uploads\/2021\/08\/Thumbnail_Intelligent-HR_1920x1080-1224x689.png 1224w, https:\/\/video.sovanta.com\/wp-content\/uploads\/2021\/08\/Thumbnail_Intelligent-HR_1920x1080-300x169.png 300w, https:\/\/video.sovanta.com\/wp-content\/uploads\/2021\/08\/Thumbnail_Intelligent-HR_1920x1080-768x432.png 768w, https:\/\/video.sovanta.com\/wp-content\/uploads\/2021\/08\/Thumbnail_Intelligent-HR_1920x1080-1536x864.png 1536w, https:\/\/video.sovanta.com\/wp-content\/uploads\/2021\/08\/Thumbnail_Intelligent-HR_1920x1080.png 1920w\" sizes=\"(max-width: 1224px) 100vw, 1224px\" \/><\/a><\/figure>\n<\/div>\n<\/div>\n\n\n\n<div style=\"height:10px\" aria-hidden=\"true\" class=\"wp-block-spacer\"><\/div>\n\n\n\n<div class=\"wp-block-group\"><div class=\"wp-block-group__inner-container\">\n<figure class=\"wp-block-image size-large is-resized\"><img loading=\"lazy\" src=\"http:\/\/video.sovanta.com\/wp-content\/uploads\/2021\/08\/PDF-Logo-png.png\" alt=\"\" class=\"wp-image-3133\" width=\"100\" height=\"100\" srcset=\"https:\/\/video.sovanta.com\/wp-content\/uploads\/2021\/08\/PDF-Logo-png.png 512w, https:\/\/video.sovanta.com\/wp-content\/uploads\/2021\/08\/PDF-Logo-png-300x300.png 300w, https:\/\/video.sovanta.com\/wp-content\/uploads\/2021\/08\/PDF-Logo-png-150x150.png 150w\" sizes=\"(max-width: 100px) 100vw, 100px\" \/><\/figure>\n\n\n\n<p><span style=\"color:#3aaa35\" class=\"has-inline-color\">Solution Overview<\/span><br>&#8220;SAP HR Solutions neu gedacht&#8221;<\/p>\n\n\n\n<div class=\"wp-block-file\"><a href=\"http:\/\/video.sovanta.com\/wp-content\/uploads\/2021\/08\/SO-D0009-0721_HR-Solutions-2.pdf\" class=\"wp-block-file__button\" download>Download<\/a><\/div>\n<\/div><\/div>\n\n\n\n<div style=\"height:10px\" aria-hidden=\"true\" class=\"wp-block-spacer\"><\/div>\n\n\n\n<pre class=\"wp-block-verse has-text-align-center\"><span class=\"has-inline-color has-black-color\">Besuchen Sie uns unter <a rel=\"noreferrer noopener\" href=\"http:\/\/www.sovanta.com\" target=\"_blank\">www.sovanta.com<\/a><\/span><\/pre>\n","protected":false},"excerpt":{"rendered":"<p>HR Solutions by sovanta User Experience greifbar machen Vortrag | 28:40 Minuten | Deutsch Kurzbeschreibung: Die User Experience einer Applikation entscheidet \u00fcber ihren Erfolg &#8211; mit dem UX Score by sovanta wird es kinderleicht, sie zu messen. Carolin Harms, Head of Design, und Christian Heinrich, Head of Marketing &amp; Solutions, erl\u00e4utern zun\u00e4chst die Vorteile, die [&hellip;]<\/p>\n","protected":false},"author":5,"featured_media":0,"parent":0,"menu_order":0,"comment_status":"closed","ping_status":"closed","template":"","meta":[],"_links":{"self":[{"href":"https:\/\/video.sovanta.com\/index.php?rest_route=\/wp\/v2\/pages\/3198"}],"collection":[{"href":"https:\/\/video.sovanta.com\/index.php?rest_route=\/wp\/v2\/pages"}],"about":[{"href":"https:\/\/video.sovanta.com\/index.php?rest_route=\/wp\/v2\/types\/page"}],"author":[{"embeddable":true,"href":"https:\/\/video.sovanta.com\/index.php?rest_route=\/wp\/v2\/users\/5"}],"replies":[{"embeddable":true,"href":"https:\/\/video.sovanta.com\/index.php?rest_route=%2Fwp%2Fv2%2Fcomments&post=3198"}],"version-history":[{"count":21,"href":"https:\/\/video.sovanta.com\/index.php?rest_route=\/wp\/v2\/pages\/3198\/revisions"}],"predecessor-version":[{"id":3402,"href":"https:\/\/video.sovanta.com\/index.php?rest_route=\/wp\/v2\/pages\/3198\/revisions\/3402"}],"wp:attachment":[{"href":"https:\/\/video.sovanta.com\/index.php?rest_route=%2Fwp%2Fv2%2Fmedia&parent=3198"}],"curies":[{"name":"wp","href":"https:\/\/api.w.org\/{rel}","templated":true}]}}