{"id":3017,"date":"2021-08-25T13:17:15","date_gmt":"2021-08-25T11:17:15","guid":{"rendered":"https:\/\/video.sovanta.com\/?page_id=3017"},"modified":"2021-09-02T10:24:37","modified_gmt":"2021-09-02T08:24:37","slug":"hr-solutions-by-sovanta-so-funktioniert-das-intelligente-unternehmen-im-hr","status":"publish","type":"page","link":"https:\/\/video.sovanta.com\/?page_id=3017","title":{"rendered":"HR Solutions &#8211; Intelligent HR"},"content":{"rendered":"\n<h1><strong><span style=\"color:#3aaa35\" class=\"has-inline-color\">HR Solutions by sovanta<\/span><\/strong><\/h1>\n\n\n\n<h1>So funktioniert das intelligente Unternehmen im HR<\/h1>\n\n\n\n<p>Vortrag | 27:00 Minuten | Deutsch<\/p>\n\n\n<p><iframe loading=\"lazy\" title=\"So funktioniert das intelligente Unternehmen im HR\" src=\"https:\/\/player.vimeo.com\/video\/543168257?dnt=1&amp;app_id=122963&amp;h=74f9f9fdf0\" width=\"648\" height=\"365\" frameborder=\"0\" allow=\"autoplay; fullscreen; picture-in-picture\" allowfullscreen><\/iframe><\/p>\n\n\n<p><\/p>\n\n\n\n<h3>Kurzbeschreibung:<\/h3>\n\n\n\n<p>Der Weg zum Intelligent Enterprise f\u00fchrt \u00fcber die Digitalisierung. Und diese ist in den letzten Monaten und Jahren zur Autobahn geworden. Im Zuge der aktuellen Entwicklungen l\u00e4sst sich der Trend feststellen, dass der Mitarbeiter ins Zentrum des Handelns ger\u00e4t. Gleichzeitig spielen Effizienz und Automatisierung eine gro\u00dfe Rolle \u2013 die HR-Abteilung als einen Hauptspielplatz f\u00fcr Innovationen zu sehen, ist daher naheliegend. <\/p>\n\n\n\n<p>Dr. Tommi Kramer, Head of Data Science der sovanta AG geht gemeinsam mit Akin Aritmac, Head of Sales der aktuellen Rolle der Personalabteilung &#8211; und wie man sie unterst\u00fctzen kann &#8211; auf den Grund.<\/p>\n\n\n\n<p>Sie haben Fragen, Anregungen oder Feedback zum Video? Wir freuen uns auf den Austausch mit Ihnen: <a rel=\"noreferrer noopener\" href=\"mailto:akin.aritmac@sovanta.com\" target=\"_blank\">akin.aritmac@sovanta.com<\/a><\/p>\n\n\n\n<div style=\"height:10px\" aria-hidden=\"true\" class=\"wp-block-spacer\"><\/div>\n\n\n\n<h3>Das k\u00f6nnte Sie auch interessieren:<\/h3>\n\n\n\n<div class=\"wp-block-columns\">\n<div class=\"wp-block-column\" style=\"flex-basis:100%\">\n<div class=\"wp-block-group\"><div class=\"wp-block-group__inner-container\">\n<div class=\"wp-block-columns\">\n<div class=\"wp-block-column\" style=\"flex-basis:100%\">\n<div class=\"wp-block-group\"><div class=\"wp-block-group__inner-container\">\n<div class=\"wp-block-columns\">\n<div class=\"wp-block-column\">\n<figure class=\"wp-block-image size-large\"><a href=\"workforce-management\" target=\"_blank\" rel=\"noopener\"><img loading=\"lazy\" width=\"1224\" height=\"689\" src=\"http:\/\/video.sovanta.com\/wp-content\/uploads\/2021\/08\/Thumbnail_Time-Workforce-Management_1920x1080-1224x689.png\" alt=\"\" class=\"wp-image-3352\" srcset=\"https:\/\/video.sovanta.com\/wp-content\/uploads\/2021\/08\/Thumbnail_Time-Workforce-Management_1920x1080-1224x689.png 1224w, https:\/\/video.sovanta.com\/wp-content\/uploads\/2021\/08\/Thumbnail_Time-Workforce-Management_1920x1080-300x169.png 300w, https:\/\/video.sovanta.com\/wp-content\/uploads\/2021\/08\/Thumbnail_Time-Workforce-Management_1920x1080-768x432.png 768w, https:\/\/video.sovanta.com\/wp-content\/uploads\/2021\/08\/Thumbnail_Time-Workforce-Management_1920x1080-1536x864.png 1536w, https:\/\/video.sovanta.com\/wp-content\/uploads\/2021\/08\/Thumbnail_Time-Workforce-Management_1920x1080.png 1920w\" sizes=\"(max-width: 1224px) 100vw, 1224px\" \/><\/a><\/figure>\n<\/div>\n\n\n\n<div class=\"wp-block-column\">\n<figure class=\"wp-block-image size-large\"><a href=\"ux-score-for-hr-solutions\" target=\"_blank\" rel=\"noopener\"><img loading=\"lazy\" width=\"1224\" height=\"689\" src=\"http:\/\/video.sovanta.com\/wp-content\/uploads\/2021\/08\/Thumbnail_UX_greifbar_machen-1224x689.png\" alt=\"\" class=\"wp-image-3322\" srcset=\"https:\/\/video.sovanta.com\/wp-content\/uploads\/2021\/08\/Thumbnail_UX_greifbar_machen-1224x689.png 1224w, https:\/\/video.sovanta.com\/wp-content\/uploads\/2021\/08\/Thumbnail_UX_greifbar_machen-300x169.png 300w, https:\/\/video.sovanta.com\/wp-content\/uploads\/2021\/08\/Thumbnail_UX_greifbar_machen-768x432.png 768w, https:\/\/video.sovanta.com\/wp-content\/uploads\/2021\/08\/Thumbnail_UX_greifbar_machen-1536x864.png 1536w, https:\/\/video.sovanta.com\/wp-content\/uploads\/2021\/08\/Thumbnail_UX_greifbar_machen.png 1920w\" sizes=\"(max-width: 1224px) 100vw, 1224px\" \/><\/a><\/figure>\n\n\n\n<div class=\"wp-block-buttons\">\n<div class=\"wp-block-button\"><a class=\"wp-block-button__link\"><\/a><\/div>\n<\/div>\n<\/div>\n<\/div>\n\n\n\n<div style=\"height:10px\" aria-hidden=\"true\" class=\"wp-block-spacer\"><\/div>\n\n\n\n<div class=\"wp-block-columns\">\n<div class=\"wp-block-column\">\n<div class=\"wp-block-group\"><div class=\"wp-block-group__inner-container\">\n<figure class=\"wp-block-image size-large is-resized\"><img loading=\"lazy\" src=\"http:\/\/video.sovanta.com\/wp-content\/uploads\/2021\/08\/PDF-Logo-png.png\" alt=\"\" class=\"wp-image-3133\" width=\"100\" height=\"100\" srcset=\"https:\/\/video.sovanta.com\/wp-content\/uploads\/2021\/08\/PDF-Logo-png.png 512w, https:\/\/video.sovanta.com\/wp-content\/uploads\/2021\/08\/PDF-Logo-png-300x300.png 300w, https:\/\/video.sovanta.com\/wp-content\/uploads\/2021\/08\/PDF-Logo-png-150x150.png 150w\" sizes=\"(max-width: 100px) 100vw, 100px\" \/><\/figure>\n\n\n\n<p><span style=\"color:#3aaa35\" class=\"has-inline-color\">Solution Overview<\/span><br>&#8220;SAP HR Solutions neu gedacht&#8221;<\/p>\n\n\n\n<div class=\"wp-block-file\"><a href=\"http:\/\/video.sovanta.com\/wp-content\/uploads\/2021\/08\/SO-D0009-0721_HR-Solutions-2.pdf\" class=\"wp-block-file__button\" download>Download<\/a><\/div>\n<\/div><\/div>\n<\/div>\n<\/div>\n<\/div><\/div>\n<\/div>\n<\/div>\n<\/div><\/div>\n<\/div>\n<\/div>\n\n\n\n<div style=\"height:10px\" aria-hidden=\"true\" class=\"wp-block-spacer\"><\/div>\n\n\n\n<pre class=\"wp-block-verse has-text-align-center\"><span class=\"has-inline-color has-black-color\">Besuchen Sie uns unter <a rel=\"noreferrer noopener\" href=\"http:\/\/www.sovanta.com\" target=\"_blank\">www.sovanta.com<\/a><\/span><\/pre>\n","protected":false},"excerpt":{"rendered":"<p>HR Solutions by sovanta So funktioniert das intelligente Unternehmen im HR Vortrag | 27:00 Minuten | Deutsch Kurzbeschreibung: Der Weg zum Intelligent Enterprise f\u00fchrt \u00fcber die Digitalisierung. Und diese ist in den letzten Monaten und Jahren zur Autobahn geworden. Im Zuge der aktuellen Entwicklungen l\u00e4sst sich der Trend feststellen, dass der Mitarbeiter ins Zentrum des [&hellip;]<\/p>\n","protected":false},"author":5,"featured_media":0,"parent":0,"menu_order":0,"comment_status":"closed","ping_status":"closed","template":"","meta":[],"_links":{"self":[{"href":"https:\/\/video.sovanta.com\/index.php?rest_route=\/wp\/v2\/pages\/3017"}],"collection":[{"href":"https:\/\/video.sovanta.com\/index.php?rest_route=\/wp\/v2\/pages"}],"about":[{"href":"https:\/\/video.sovanta.com\/index.php?rest_route=\/wp\/v2\/types\/page"}],"author":[{"embeddable":true,"href":"https:\/\/video.sovanta.com\/index.php?rest_route=\/wp\/v2\/users\/5"}],"replies":[{"embeddable":true,"href":"https:\/\/video.sovanta.com\/index.php?rest_route=%2Fwp%2Fv2%2Fcomments&post=3017"}],"version-history":[{"count":56,"href":"https:\/\/video.sovanta.com\/index.php?rest_route=\/wp\/v2\/pages\/3017\/revisions"}],"predecessor-version":[{"id":3394,"href":"https:\/\/video.sovanta.com\/index.php?rest_route=\/wp\/v2\/pages\/3017\/revisions\/3394"}],"wp:attachment":[{"href":"https:\/\/video.sovanta.com\/index.php?rest_route=%2Fwp%2Fv2%2Fmedia&parent=3017"}],"curies":[{"name":"wp","href":"https:\/\/api.w.org\/{rel}","templated":true}]}}