{"id":3007,"date":"2021-07-07T11:43:53","date_gmt":"2021-07-07T09:43:53","guid":{"rendered":"https:\/\/video.sovanta.com\/?page_id=3007"},"modified":"2021-07-07T11:52:01","modified_gmt":"2021-07-07T09:52:01","slug":"sovanta-ux-score","status":"publish","type":"page","link":"https:\/\/video.sovanta.com\/?page_id=3007","title":{"rendered":"sovanta UX Score"},"content":{"rendered":"\n<figure class=\"wp-block-embed is-type-video is-provider-youtube wp-block-embed-youtube wp-embed-aspect-16-9 wp-has-aspect-ratio\"><div class=\"wp-block-embed__wrapper\">\n<iframe loading=\"lazy\" title=\"sovanta UX Score\" width=\"648\" height=\"365\" src=\"https:\/\/www.youtube.com\/embed\/gAHgZuE4458?feature=oembed\" frameborder=\"0\" allow=\"accelerometer; autoplay; clipboard-write; encrypted-media; gyroscope; picture-in-picture\" allowfullscreen><\/iframe>\n<\/div><\/figure>\n\n\n\n<h1><strong>Mit dem UX Score zur top Experience<\/strong><\/h1>\n\n\n\n<h2>So geht UX-Optimierung f\u00fcr digitale Anwendungen<\/h2>\n\n\n\n<p>Die User Experience einer Applikation entscheidet \u00fcber ihren Erfolg &#8211; mit dem UX Score by sovanta wird es kinderleicht, sie zu messen. So identifizieren Sie St\u00e4rken und Schw\u00e4chen und steigern den Gesch\u00e4ftswert auf schnelle und kosteng\u00fcnstige Weise!<\/p>\n\n\n\n<figure class=\"wp-block-pullquote\"><\/figure>\n\n\n\n<p><\/p>\n\n\n\n<p><\/p>\n\n\n\n<p><\/p>\n\n\n\n<p><\/p>\n\n\n\n<figure class=\"wp-block-table aligncenter is-style-regular\" style=\"max-width: 200px;\">\r\n<table>\r\n<tbody>\r\n<tr>\r\n<td class=\"has-text-align-center\" style=\"max-width: 200px;\" data-align=\"center\"><a href=\"https:\/\/www.linkedin.com\/company\/sovanta-ag\/\" target=\"_blank\" rel=\"noreferrer noopener\"><img loading=\"lazy\" src=\"https:\/\/hs-4699831.f.hubspotemail.net\/hs\/hsstatic\/TemplateAssets\/static-1.24\/img\/hs_default_template_images\/modules\/Follow+Me+-+Email\/linkedin_original_black.png\" alt=\"LinkedIn\" width=\"24\" height=\"25\"><\/a><\/td>\r\n<td><a href=\"https:\/\/www.facebook.com\/sovantaAG\/\" target=\"_blank\" rel=\"noreferrer noopener\"><img loading=\"lazy\" src=\"https:\/\/hs-4699831.f.hubspotemail.net\/hs\/hsstatic\/TemplateAssets\/static-1.24\/img\/hs_default_template_images\/modules\/Follow+Me+-+Email\/facebook_original_black.png\" alt=\"Facebook\" width=\"25\" height=\"25\"><\/a><\/td>\r\n<td><a href=\"https:\/\/twitter.com\/sovanta_AG\" target=\"_blank\" rel=\"noreferrer noopener\"><img loading=\"lazy\" src=\"https:\/\/hs-4699831.f.hubspotemail.net\/hs\/hsstatic\/TemplateAssets\/static-1.24\/img\/hs_default_template_images\/modules\/Follow+Me+-+Email\/twitter_original_black.png\" alt=\"Twitter\" width=\"24\" height=\"25\"><\/a><\/td>\r\n<td><a href=\"https:\/\/www.xing.com\/pages\/sovantaag\" target=\"_blank\" rel=\"noreferrer noopener\"><img loading=\"lazy\" src=\"https:\/\/hs-4699831.f.hubspotemail.net\/hub\/4699831\/hubfs\/xing%20sw.png?height=50&amp;upscale=true&amp;name=xing%20sw.png\" width=\"25\" height=\"25\"><\/a><\/td>\r\n<td><a href=\"https:\/\/sovanta.com\/\" target=\"_blank\" rel=\"noreferrer noopener\"><img loading=\"lazy\" src=\"https:\/\/hs-4699831.f.hubspotemail.net\/hs\/hsstatic\/TemplateAssets\/static-1.24\/img\/hs_default_template_images\/modules\/Follow+Me+-+Email\/website_original_black.png\" alt=\"Website\" width=\"25\" height=\"25\"><\/a><\/td>\r\n<\/tr>\r\n<\/tbody>\r\n<\/table>\r\n<\/figure>\n\n\n\n<p><\/p>\n","protected":false},"excerpt":{"rendered":"<p>Mit dem UX Score zur top Experience So geht UX-Optimierung f\u00fcr digitale Anwendungen Die User Experience einer Applikation entscheidet \u00fcber ihren Erfolg &#8211; mit dem UX Score by sovanta wird es kinderleicht, sie zu messen. So identifizieren Sie St\u00e4rken und Schw\u00e4chen und steigern den Gesch\u00e4ftswert auf schnelle und kosteng\u00fcnstige Weise!<\/p>\n","protected":false},"author":2,"featured_media":0,"parent":0,"menu_order":0,"comment_status":"closed","ping_status":"closed","template":"","meta":[],"_links":{"self":[{"href":"https:\/\/video.sovanta.com\/index.php?rest_route=\/wp\/v2\/pages\/3007"}],"collection":[{"href":"https:\/\/video.sovanta.com\/index.php?rest_route=\/wp\/v2\/pages"}],"about":[{"href":"https:\/\/video.sovanta.com\/index.php?rest_route=\/wp\/v2\/types\/page"}],"author":[{"embeddable":true,"href":"https:\/\/video.sovanta.com\/index.php?rest_route=\/wp\/v2\/users\/2"}],"replies":[{"embeddable":true,"href":"https:\/\/video.sovanta.com\/index.php?rest_route=%2Fwp%2Fv2%2Fcomments&post=3007"}],"version-history":[{"count":3,"href":"https:\/\/video.sovanta.com\/index.php?rest_route=\/wp\/v2\/pages\/3007\/revisions"}],"predecessor-version":[{"id":3011,"href":"https:\/\/video.sovanta.com\/index.php?rest_route=\/wp\/v2\/pages\/3007\/revisions\/3011"}],"wp:attachment":[{"href":"https:\/\/video.sovanta.com\/index.php?rest_route=%2Fwp%2Fv2%2Fmedia&parent=3007"}],"curies":[{"name":"wp","href":"https:\/\/api.w.org\/{rel}","templated":true}]}}