{"id":2878,"date":"2021-03-11T10:05:12","date_gmt":"2021-03-11T09:05:12","guid":{"rendered":"http:\/\/video.sovanta.com\/?page_id=2878"},"modified":"2021-03-11T13:37:28","modified_gmt":"2021-03-11T12:37:28","slug":"vortrag-digital-workplace-2021","status":"publish","type":"page","link":"https:\/\/video.sovanta.com\/?page_id=2878","title":{"rendered":"Vortrag: Digital Workplace 2021+"},"content":{"rendered":"<p><iframe loading=\"lazy\" title=\"Digital Workplace 2021+\" width=\"648\" height=\"365\" src=\"https:\/\/www.youtube.com\/embed\/x9fm8hn3ba4?feature=oembed\" frameborder=\"0\" allow=\"accelerometer; autoplay; clipboard-write; encrypted-media; gyroscope; picture-in-picture\" allowfullscreen><\/iframe><\/p>\n\n\n<p>Die Themen Digital Workplace und Portale f\u00fcr Mitarbeiter, Kunden &amp; Lieferanten stehen wieder im Mittelpunkt. Verst\u00e4rkte Remote-Arbeit sowie die bevorstehende Abl\u00f6sung des SAP Enterprise Portals wirken als Katalysator. In diesem Vortrag ordnen wir die verschiedenen Ans\u00e4tze f\u00fcr Sie ein und zeigen, wie sovanta mit SAP Launchpad, SAP WorkZone, sowie SAP Fiori und SAP UI5 L\u00f6sungen bereitstellt, die aktuellen Anspr\u00fcchen gerecht werden und die Produktivit\u00e4t der Nutzer ma\u00dfgeblich verbessern. <\/p>\n\n\n\n<figure class=\"wp-block-pullquote\"><blockquote><p><\/p><\/blockquote><\/figure>\n\n\n\n<p><\/p>\n\n\n\n<p><\/p>\n\n\n\n<p><\/p>\n\n\n\n<p><\/p>\n\n\n\n<figure class=\"wp-block-table aligncenter is-style-regular\" style=\"max-width:200px;\"><table max-width=\"200\"><tbody><tr width=\"200\"><td class=\"has-text-align-center\" data-align=\"center\" style=\"max-width:200px;\"max-width=\"200\"><a rel=\"noreferrer noopener\" href=\"https:\/\/www.linkedin.com\/company\/sovanta-ag\/\" target=\"_blank\"><img loading=\"lazy\" width=\"24\" height=\"25\" src=\"https:\/\/hs-4699831.f.hubspotemail.net\/hs\/hsstatic\/TemplateAssets\/static-1.24\/img\/hs_default_template_images\/modules\/Follow+Me+-+Email\/linkedin_original_black.png\" alt=\"LinkedIn\"><\/a><\/td><td><a href=\"https:\/\/www.facebook.com\/sovantaAG\/\" target=\"_blank\" rel=\"noreferrer noopener\"><img loading=\"lazy\" width=\"25\" height=\"25\" src=\"https:\/\/hs-4699831.f.hubspotemail.net\/hs\/hsstatic\/TemplateAssets\/static-1.24\/img\/hs_default_template_images\/modules\/Follow+Me+-+Email\/facebook_original_black.png\" alt=\"Facebook\"><\/a><\/td><td><a href=\"https:\/\/twitter.com\/sovanta_AG\" target=\"_blank\" rel=\"noreferrer noopener\"><img loading=\"lazy\" width=\"24\" height=\"25\" src=\"https:\/\/hs-4699831.f.hubspotemail.net\/hs\/hsstatic\/TemplateAssets\/static-1.24\/img\/hs_default_template_images\/modules\/Follow+Me+-+Email\/twitter_original_black.png\" alt=\"Twitter\"><\/a><\/td><td><a href=\"https:\/\/www.xing.com\/pages\/sovantaag\" target=\"_blank\" rel=\"noreferrer noopener\"><img loading=\"lazy\" width=\"25\" height=\"25\" src=\"https:\/\/hs-4699831.f.hubspotemail.net\/hub\/4699831\/hubfs\/xing%20sw.png?height=50&amp;upscale=true&amp;name=xing%20sw.png\"><\/a><\/td><td><a href=\"https:\/\/sovanta.com\/\" target=\"_blank\" rel=\"noreferrer noopener\"><img loading=\"lazy\" width=\"25\" height=\"25\" src=\"https:\/\/hs-4699831.f.hubspotemail.net\/hs\/hsstatic\/TemplateAssets\/static-1.24\/img\/hs_default_template_images\/modules\/Follow+Me+-+Email\/website_original_black.png\" alt=\"Website\"><\/a><\/td><\/tr><\/tbody><\/table><\/figure>\n\n\n\n<p><\/p>\n","protected":false},"excerpt":{"rendered":"<p>Die Themen Digital Workplace und Portale f\u00fcr Mitarbeiter, Kunden &amp; Lieferanten stehen wieder im Mittelpunkt. Verst\u00e4rkte Remote-Arbeit sowie die bevorstehende Abl\u00f6sung des SAP Enterprise Portals wirken als Katalysator. In diesem Vortrag ordnen wir die verschiedenen Ans\u00e4tze f\u00fcr Sie ein und zeigen, wie sovanta mit SAP Launchpad, SAP WorkZone, sowie SAP Fiori und SAP UI5 L\u00f6sungen [&hellip;]<\/p>\n","protected":false},"author":2,"featured_media":0,"parent":0,"menu_order":0,"comment_status":"closed","ping_status":"closed","template":"","meta":[],"_links":{"self":[{"href":"https:\/\/video.sovanta.com\/index.php?rest_route=\/wp\/v2\/pages\/2878"}],"collection":[{"href":"https:\/\/video.sovanta.com\/index.php?rest_route=\/wp\/v2\/pages"}],"about":[{"href":"https:\/\/video.sovanta.com\/index.php?rest_route=\/wp\/v2\/types\/page"}],"author":[{"embeddable":true,"href":"https:\/\/video.sovanta.com\/index.php?rest_route=\/wp\/v2\/users\/2"}],"replies":[{"embeddable":true,"href":"https:\/\/video.sovanta.com\/index.php?rest_route=%2Fwp%2Fv2%2Fcomments&post=2878"}],"version-history":[{"count":27,"href":"https:\/\/video.sovanta.com\/index.php?rest_route=\/wp\/v2\/pages\/2878\/revisions"}],"predecessor-version":[{"id":2911,"href":"https:\/\/video.sovanta.com\/index.php?rest_route=\/wp\/v2\/pages\/2878\/revisions\/2911"}],"wp:attachment":[{"href":"https:\/\/video.sovanta.com\/index.php?rest_route=%2Fwp%2Fv2%2Fmedia&parent=2878"}],"curies":[{"name":"wp","href":"https:\/\/api.w.org\/{rel}","templated":true}]}}