{"id":2681,"date":"2020-08-21T15:37:00","date_gmt":"2020-08-21T13:37:00","guid":{"rendered":"http:\/\/video.sovanta.com\/?page_id=2681"},"modified":"2021-03-12T16:02:59","modified_gmt":"2021-03-12T15:02:59","slug":"sovanta-experience-week","status":"publish","type":"page","link":"https:\/\/video.sovanta.com\/?page_id=2681","title":{"rendered":"sovanta Experience Week"},"content":{"rendered":"<p><iframe loading=\"lazy\" title=\"sovanta Experience Week\" width=\"648\" height=\"365\" src=\"https:\/\/www.youtube.com\/embed\/5FTN7BsFxSo?feature=oembed\" frameborder=\"0\" allow=\"accelerometer; autoplay; clipboard-write; encrypted-media; gyroscope; picture-in-picture\" allowfullscreen><\/iframe><\/p>\n<div>\n<h5>Experience Days by sovanta<\/h5>\n<div><span style=\"font-size: inherit;\">Die Digitalisierung ist f\u00fcr Unternehmen zu einem wichtigen Treiber geworden und hat an Bedeutung gewonnen. Alte Muster und Arbeitsabl\u00e4ufe funktionieren nicht mehr. Doch wie ist diesen Ver\u00e4nderungen zu begegnen? Welche Umsetzungswege und Vorteile der Digitalisierung existieren? Was muss getan werden, um aus unsicheren Zeiten als Gewinner hervorzugehen? Die Experience Days by sovanta werden Ihnen die Antworten liefern!<\/span><\/div>\n<div>\n<div>&nbsp;<\/div>\n<p>Drei Tage lang erfahren Sie alles \u00fcber Optimierungsm\u00f6glichkeiten im HR-Bereich. richten Sie sich nach Ihrem individuellen Themenmix aus On-Demand- und Live-Inhalten und sprechen Sie mit unseren Experten in Gruppendiskussionen oder im pers\u00f6nlichen Einzelgespr\u00e4ch.<\/p>\n<\/div>\n<\/div>\n\n\n<figure class=\"wp-block-pullquote\"><\/figure>\n\n\n\n<p><\/p>\n\n\n\n<p><\/p>\n\n\n\n<p><\/p>\n\n\n\n<p><\/p>\n\n\n\n<figure class=\"wp-block-table aligncenter is-style-regular\" style=\"max-width: 200px;\">\r\n<table>\r\n<tbody>\r\n<tr>\r\n<td class=\"has-text-align-center\" style=\"max-width: 200px;\" data-align=\"center\"><a href=\"https:\/\/www.linkedin.com\/company\/sovanta-ag\/\" target=\"_blank\" rel=\"noreferrer noopener\"><img loading=\"lazy\" src=\"https:\/\/hs-4699831.f.hubspotemail.net\/hs\/hsstatic\/TemplateAssets\/static-1.24\/img\/hs_default_template_images\/modules\/Follow+Me+-+Email\/linkedin_original_black.png\" alt=\"LinkedIn\" width=\"24\" height=\"25\"><\/a><\/td>\r\n<td><a href=\"https:\/\/www.facebook.com\/sovantaAG\/\" target=\"_blank\" rel=\"noreferrer noopener\"><img loading=\"lazy\" src=\"https:\/\/hs-4699831.f.hubspotemail.net\/hs\/hsstatic\/TemplateAssets\/static-1.24\/img\/hs_default_template_images\/modules\/Follow+Me+-+Email\/facebook_original_black.png\" alt=\"Facebook\" width=\"25\" height=\"25\"><\/a><\/td>\r\n<td><a href=\"https:\/\/twitter.com\/sovanta_AG\" target=\"_blank\" rel=\"noreferrer noopener\"><img loading=\"lazy\" src=\"https:\/\/hs-4699831.f.hubspotemail.net\/hs\/hsstatic\/TemplateAssets\/static-1.24\/img\/hs_default_template_images\/modules\/Follow+Me+-+Email\/twitter_original_black.png\" alt=\"Twitter\" width=\"24\" height=\"25\"><\/a><\/td>\r\n<td><a href=\"https:\/\/www.xing.com\/pages\/sovantaag\" target=\"_blank\" rel=\"noreferrer noopener\"><img loading=\"lazy\" src=\"https:\/\/hs-4699831.f.hubspotemail.net\/hub\/4699831\/hubfs\/xing%20sw.png?height=50&amp;upscale=true&amp;name=xing%20sw.png\" width=\"25\" height=\"25\"><\/a><\/td>\r\n<td><a href=\"https:\/\/sovanta.com\/\" target=\"_blank\" rel=\"noreferrer noopener\"><img loading=\"lazy\" src=\"https:\/\/hs-4699831.f.hubspotemail.net\/hs\/hsstatic\/TemplateAssets\/static-1.24\/img\/hs_default_template_images\/modules\/Follow+Me+-+Email\/website_original_black.png\" alt=\"Website\" width=\"25\" height=\"25\"><\/a><\/td>\r\n<\/tr>\r\n<\/tbody>\r\n<\/table>\r\n<\/figure>\n\n\n\n<p><\/p>\n","protected":false},"excerpt":{"rendered":"<p>Experience Days by sovanta Die Digitalisierung ist f\u00fcr Unternehmen zu einem wichtigen Treiber geworden und hat an Bedeutung gewonnen. Alte Muster und Arbeitsabl\u00e4ufe funktionieren nicht mehr. Doch wie ist diesen Ver\u00e4nderungen zu begegnen? Welche Umsetzungswege und Vorteile der Digitalisierung existieren? Was muss getan werden, um aus unsicheren Zeiten als Gewinner hervorzugehen? Die Experience Days by [&hellip;]<\/p>\n","protected":false},"author":2,"featured_media":0,"parent":0,"menu_order":0,"comment_status":"closed","ping_status":"closed","template":"","meta":[],"_links":{"self":[{"href":"https:\/\/video.sovanta.com\/index.php?rest_route=\/wp\/v2\/pages\/2681"}],"collection":[{"href":"https:\/\/video.sovanta.com\/index.php?rest_route=\/wp\/v2\/pages"}],"about":[{"href":"https:\/\/video.sovanta.com\/index.php?rest_route=\/wp\/v2\/types\/page"}],"author":[{"embeddable":true,"href":"https:\/\/video.sovanta.com\/index.php?rest_route=\/wp\/v2\/users\/2"}],"replies":[{"embeddable":true,"href":"https:\/\/video.sovanta.com\/index.php?rest_route=%2Fwp%2Fv2%2Fcomments&post=2681"}],"version-history":[{"count":3,"href":"https:\/\/video.sovanta.com\/index.php?rest_route=\/wp\/v2\/pages\/2681\/revisions"}],"predecessor-version":[{"id":2943,"href":"https:\/\/video.sovanta.com\/index.php?rest_route=\/wp\/v2\/pages\/2681\/revisions\/2943"}],"wp:attachment":[{"href":"https:\/\/video.sovanta.com\/index.php?rest_route=%2Fwp%2Fv2%2Fmedia&parent=2681"}],"curies":[{"name":"wp","href":"https:\/\/api.w.org\/{rel}","templated":true}]}}